{"id":2,"date":"2024-03-07T10:54:48","date_gmt":"2024-03-07T10:54:48","guid":{"rendered":"https:\/\/kww-wspolnie-dla-pleszewa.ineon.pl\/?page_id=2"},"modified":"2024-03-07T11:48:54","modified_gmt":"2024-03-07T11:48:54","slug":"sample-page","status":"publish","type":"page","link":"https:\/\/kww-wspolnie-dla-pleszewa.ineon.pl\/index.php\/sample-page\/","title":{"rendered":"Wsp\u00f3lnie dla Pleszewa"},"content":{"rendered":"\n<p>Nasze stowarzyszenie powsta\u0142o by jednoczy\u0107 mieszka\u0144c\u00f3w do wsp\u00f3lnego budowania naszej ma\u0142ej ojczyzny &#8211; Pleszewa<\/p>\n\n\n\n<blockquote class=\"wp-block-quote is-layout-flow wp-block-quote-is-layout-flow\">\n<p>Starajmy si\u0119, by jak najefektywniej wspiera\u0107 lokalny handel, produkcj\u0119 i us\u0142ugi.<\/p>\n<\/blockquote>\n\n\n\n<p>Ka\u017cda z\u0142ot\u00f3wka wydana w Pleszewie jest wa\u017cna!<\/p>\n\n\n\n<blockquote class=\"wp-block-quote is-layout-flow wp-block-quote-is-layout-flow\">\n<p>Bud\u017cet naszej gminy pochodzi r\u00f3wnie\u017c od lokalnych pracownik\u00f3w i przedsi\u0119biorc\u00f3w. Ka\u017cda zarobiona w Pleszewie z\u0142ot\u00f3wka to 7,5 grosza wi\u0119cej w naszym bud\u017cecie. Zatem z ka\u017cdego zarobionego u nas miliona wraca do nas a\u017c 75 tysi\u0119cy z\u0142otych!<\/p>\n<\/blockquote>\n\n\n\n<p>Ale Pleszew to nie tylko us\u0142gi czy handel. To tak\u017ce nasze codzienne \u017cycie. <\/p>\n\n\n\n<blockquote class=\"wp-block-quote is-layout-flow wp-block-quote-is-layout-flow\">\n<p>Potrzebujemy m\u0105drych plan\u00f3w zagospodarowania przestrzennego, by z jednej strony da\u0107 wolno\u015b\u0107 ka\u017cdemu na swojej dzia\u0142ce, lecz z drugiej strony, by ogranicza\u0107 budow\u0119 wielkopowierzchniowych sklep\u00f3w drenuj\u0105cych nasze kieszenie<\/p>\n<\/blockquote>\n","protected":false},"excerpt":{"rendered":"<p>Nasze stowarzyszenie powsta\u0142o by jednoczy\u0107 mieszka\u0144c\u00f3w do wsp\u00f3lnego budowania naszej ma\u0142ej ojczyzny &#8211; Pleszewa Starajmy si\u0119, by jak najefektywniej wspiera\u0107 lokalny handel, produkcj\u0119 i us\u0142ugi. Ka\u017cda z\u0142ot\u00f3wka wydana w Pleszewie jest wa\u017cna! Bud\u017cet naszej gminy pochodzi r\u00f3wnie\u017c od lokalnych pracownik\u00f3w i przedsi\u0119biorc\u00f3w. Ka\u017cda zarobiona w Pleszewie z\u0142ot\u00f3wka to 7,5 grosza wi\u0119cej w naszym bud\u017cecie. Zatem [&hellip;]<\/p>\n","protected":false},"author":1,"featured_media":0,"parent":0,"menu_order":0,"comment_status":"closed","ping_status":"open","template":"","meta":{"footnotes":""},"class_list":["post-2","page","type-page","status-publish","hentry"],"yoast_head":"<!-- This site is optimized with the Yoast SEO plugin v22.2 - https:\/\/yoast.com\/wordpress\/plugins\/seo\/ -->\n<title>Wsp\u00f3lnie dla Pleszewa - Wsp\u00f3lnie dla Pleszewa<\/title>\n<meta name=\"robots\" content=\"index, follow, max-snippet:-1, max-image-preview:large, max-video-preview:-1\" \/>\n<link rel=\"canonical\" href=\"https:\/\/kww-wspolnie-dla-pleszewa.ineon.pl\/index.php\/sample-page\/\" \/>\n<meta property=\"og:locale\" content=\"pl_PL\" \/>\n<meta property=\"og:type\" content=\"article\" \/>\n<meta property=\"og:title\" content=\"Wsp\u00f3lnie dla Pleszewa - Wsp\u00f3lnie dla Pleszewa\" \/>\n<meta property=\"og:description\" content=\"Nasze stowarzyszenie powsta\u0142o by jednoczy\u0107 mieszka\u0144c\u00f3w do wsp\u00f3lnego budowania naszej ma\u0142ej ojczyzny &#8211; Pleszewa Starajmy si\u0119, by jak najefektywniej wspiera\u0107 lokalny handel, produkcj\u0119 i us\u0142ugi. Ka\u017cda z\u0142ot\u00f3wka wydana w Pleszewie jest wa\u017cna! Bud\u017cet naszej gminy pochodzi r\u00f3wnie\u017c od lokalnych pracownik\u00f3w i przedsi\u0119biorc\u00f3w. Ka\u017cda zarobiona w Pleszewie z\u0142ot\u00f3wka to 7,5 grosza wi\u0119cej w naszym bud\u017cecie. Zatem [&hellip;]\" \/>\n<meta property=\"og:url\" content=\"https:\/\/kww-wspolnie-dla-pleszewa.ineon.pl\/index.php\/sample-page\/\" \/>\n<meta property=\"og:site_name\" content=\"Wsp\u00f3lnie dla Pleszewa\" \/>\n<meta property=\"article:modified_time\" content=\"2024-03-07T11:48:54+00:00\" \/>\n<meta name=\"twitter:card\" content=\"summary_large_image\" \/>\n<meta name=\"twitter:label1\" content=\"Szacowany czas czytania\" \/>\n\t<meta name=\"twitter:data1\" content=\"1 minuta\" \/>\n<script type=\"application\/ld+json\" class=\"yoast-schema-graph\">{\"@context\":\"https:\/\/schema.org\",\"@graph\":[{\"@type\":\"WebPage\",\"@id\":\"https:\/\/kww-wspolnie-dla-pleszewa.ineon.pl\/index.php\/sample-page\/\",\"url\":\"https:\/\/kww-wspolnie-dla-pleszewa.ineon.pl\/index.php\/sample-page\/\",\"name\":\"Wsp\u00f3lnie dla Pleszewa - Wsp\u00f3lnie dla Pleszewa\",\"isPartOf\":{\"@id\":\"https:\/\/kww-wspolnie-dla-pleszewa.ineon.pl\/#website\"},\"datePublished\":\"2024-03-07T10:54:48+00:00\",\"dateModified\":\"2024-03-07T11:48:54+00:00\",\"breadcrumb\":{\"@id\":\"https:\/\/kww-wspolnie-dla-pleszewa.ineon.pl\/index.php\/sample-page\/#breadcrumb\"},\"inLanguage\":\"pl-PL\",\"potentialAction\":[{\"@type\":\"ReadAction\",\"target\":[\"https:\/\/kww-wspolnie-dla-pleszewa.ineon.pl\/index.php\/sample-page\/\"]}]},{\"@type\":\"BreadcrumbList\",\"@id\":\"https:\/\/kww-wspolnie-dla-pleszewa.ineon.pl\/index.php\/sample-page\/#breadcrumb\",\"itemListElement\":[{\"@type\":\"ListItem\",\"position\":1,\"name\":\"Strona g\u0142\u00f3wna\",\"item\":\"https:\/\/kww-wspolnie-dla-pleszewa.ineon.pl\/\"},{\"@type\":\"ListItem\",\"position\":2,\"name\":\"Wsp\u00f3lnie dla Pleszewa\"}]},{\"@type\":\"WebSite\",\"@id\":\"https:\/\/kww-wspolnie-dla-pleszewa.ineon.pl\/#website\",\"url\":\"https:\/\/kww-wspolnie-dla-pleszewa.ineon.pl\/\",\"name\":\"Wsp\u00f3lnie dla Pleszewa\",\"description\":\"\",\"potentialAction\":[{\"@type\":\"SearchAction\",\"target\":{\"@type\":\"EntryPoint\",\"urlTemplate\":\"https:\/\/kww-wspolnie-dla-pleszewa.ineon.pl\/?s={search_term_string}\"},\"query-input\":\"required name=search_term_string\"}],\"inLanguage\":\"pl-PL\"}]}<\/script>\n<!-- \/ Yoast SEO plugin. -->","yoast_head_json":{"title":"Wsp\u00f3lnie dla Pleszewa - Wsp\u00f3lnie dla Pleszewa","robots":{"index":"index","follow":"follow","max-snippet":"max-snippet:-1","max-image-preview":"max-image-preview:large","max-video-preview":"max-video-preview:-1"},"canonical":"https:\/\/kww-wspolnie-dla-pleszewa.ineon.pl\/index.php\/sample-page\/","og_locale":"pl_PL","og_type":"article","og_title":"Wsp\u00f3lnie dla Pleszewa - Wsp\u00f3lnie dla Pleszewa","og_description":"Nasze stowarzyszenie powsta\u0142o by jednoczy\u0107 mieszka\u0144c\u00f3w do wsp\u00f3lnego budowania naszej ma\u0142ej ojczyzny &#8211; Pleszewa Starajmy si\u0119, by jak najefektywniej wspiera\u0107 lokalny handel, produkcj\u0119 i us\u0142ugi. Ka\u017cda z\u0142ot\u00f3wka wydana w Pleszewie jest wa\u017cna! Bud\u017cet naszej gminy pochodzi r\u00f3wnie\u017c od lokalnych pracownik\u00f3w i przedsi\u0119biorc\u00f3w. Ka\u017cda zarobiona w Pleszewie z\u0142ot\u00f3wka to 7,5 grosza wi\u0119cej w naszym bud\u017cecie. Zatem [&hellip;]","og_url":"https:\/\/kww-wspolnie-dla-pleszewa.ineon.pl\/index.php\/sample-page\/","og_site_name":"Wsp\u00f3lnie dla Pleszewa","article_modified_time":"2024-03-07T11:48:54+00:00","twitter_card":"summary_large_image","twitter_misc":{"Szacowany czas czytania":"1 minuta"},"schema":{"@context":"https:\/\/schema.org","@graph":[{"@type":"WebPage","@id":"https:\/\/kww-wspolnie-dla-pleszewa.ineon.pl\/index.php\/sample-page\/","url":"https:\/\/kww-wspolnie-dla-pleszewa.ineon.pl\/index.php\/sample-page\/","name":"Wsp\u00f3lnie dla Pleszewa - Wsp\u00f3lnie dla Pleszewa","isPartOf":{"@id":"https:\/\/kww-wspolnie-dla-pleszewa.ineon.pl\/#website"},"datePublished":"2024-03-07T10:54:48+00:00","dateModified":"2024-03-07T11:48:54+00:00","breadcrumb":{"@id":"https:\/\/kww-wspolnie-dla-pleszewa.ineon.pl\/index.php\/sample-page\/#breadcrumb"},"inLanguage":"pl-PL","potentialAction":[{"@type":"ReadAction","target":["https:\/\/kww-wspolnie-dla-pleszewa.ineon.pl\/index.php\/sample-page\/"]}]},{"@type":"BreadcrumbList","@id":"https:\/\/kww-wspolnie-dla-pleszewa.ineon.pl\/index.php\/sample-page\/#breadcrumb","itemListElement":[{"@type":"ListItem","position":1,"name":"Strona g\u0142\u00f3wna","item":"https:\/\/kww-wspolnie-dla-pleszewa.ineon.pl\/"},{"@type":"ListItem","position":2,"name":"Wsp\u00f3lnie dla Pleszewa"}]},{"@type":"WebSite","@id":"https:\/\/kww-wspolnie-dla-pleszewa.ineon.pl\/#website","url":"https:\/\/kww-wspolnie-dla-pleszewa.ineon.pl\/","name":"Wsp\u00f3lnie dla Pleszewa","description":"","potentialAction":[{"@type":"SearchAction","target":{"@type":"EntryPoint","urlTemplate":"https:\/\/kww-wspolnie-dla-pleszewa.ineon.pl\/?s={search_term_string}"},"query-input":"required name=search_term_string"}],"inLanguage":"pl-PL"}]}},"_links":{"self":[{"href":"https:\/\/kww-wspolnie-dla-pleszewa.ineon.pl\/index.php\/wp-json\/wp\/v2\/pages\/2","targetHints":{"allow":["GET"]}}],"collection":[{"href":"https:\/\/kww-wspolnie-dla-pleszewa.ineon.pl\/index.php\/wp-json\/wp\/v2\/pages"}],"about":[{"href":"https:\/\/kww-wspolnie-dla-pleszewa.ineon.pl\/index.php\/wp-json\/wp\/v2\/types\/page"}],"author":[{"embeddable":true,"href":"https:\/\/kww-wspolnie-dla-pleszewa.ineon.pl\/index.php\/wp-json\/wp\/v2\/users\/1"}],"replies":[{"embeddable":true,"href":"https:\/\/kww-wspolnie-dla-pleszewa.ineon.pl\/index.php\/wp-json\/wp\/v2\/comments?post=2"}],"version-history":[{"count":2,"href":"https:\/\/kww-wspolnie-dla-pleszewa.ineon.pl\/index.php\/wp-json\/wp\/v2\/pages\/2\/revisions"}],"predecessor-version":[{"id":17,"href":"https:\/\/kww-wspolnie-dla-pleszewa.ineon.pl\/index.php\/wp-json\/wp\/v2\/pages\/2\/revisions\/17"}],"wp:attachment":[{"href":"https:\/\/kww-wspolnie-dla-pleszewa.ineon.pl\/index.php\/wp-json\/wp\/v2\/media?parent=2"}],"curies":[{"name":"wp","href":"https:\/\/api.w.org\/{rel}","templated":true}]}}